{"id":1151,"date":"2025-12-17T19:07:34","date_gmt":"2025-12-17T19:07:34","guid":{"rendered":"https:\/\/www.agencemediatis.com\/peche\/?page_id=1151"},"modified":"2026-02-07T15:20:51","modified_gmt":"2026-02-07T15:20:51","slug":"nos-services-et-tarifs","status":"publish","type":"page","link":"https:\/\/www.centredepechechezrobert.ca\/en\/nos-services-et-tarifs\/","title":{"rendered":"NOS SERVICES ET TARIFS"},"content":{"rendered":"<div data-elementor-type=\"wp-page\" data-elementor-id=\"1151\" class=\"elementor elementor-1151\" data-elementor-post-type=\"page\">\n\t\t\t\t<div class=\"elementor-element elementor-element-f6f51f2 e-flex e-con-boxed e-con e-parent\" data-id=\"f6f51f2\" data-element_type=\"container\" data-e-type=\"container\">\n\t\t\t\t\t<div class=\"e-con-inner\">\n\t\t<div class=\"elementor-element elementor-element-7d637fc e-con-full e-flex e-con e-child\" data-id=\"7d637fc\" data-element_type=\"container\" data-e-type=\"container\">\n\t\t\t\t<div class=\"elementor-element elementor-element-15c1e17 elementor-widget elementor-widget-text-editor\" data-id=\"15c1e17\" data-element_type=\"widget\" data-e-type=\"widget\" data-widget_type=\"text-editor.default\">\n\t\t\t\t<div class=\"elementor-widget-container\">\n\t\t\t\t\t\t\t\t\t<h2><strong>P\u00eache sur glace \u2013 Saison 2026<\/strong><\/h2><h3 data-start=\"1407\" data-end=\"1487\">Location de cabanes de p\u00eache (7 h \u00e0 18 h)<\/h3><p data-start=\"2126\" data-end=\"2147\"><strong data-start=\"2126\" data-end=\"2147\">Cabane incluant :<\/strong><\/p><ul data-start=\"2148\" data-end=\"2302\"><li data-start=\"2148\" data-end=\"2173\"><p data-start=\"2150\" data-end=\"2173\">10 lignes \/ brimbales<\/p><\/li><li data-start=\"2174\" data-end=\"2193\"><p data-start=\"2176\" data-end=\"2193\">10 trous perc\u00e9s<\/p><\/li><li data-start=\"2194\" data-end=\"2217\"><p data-start=\"2196\" data-end=\"2217\">1 douzaine de m\u00e9n\u00e9s<\/p><\/li><li data-start=\"2218\" data-end=\"2279\"><p data-start=\"2220\" data-end=\"2279\">Acc\u00e8s et stationnement<\/p><\/li><li data-start=\"2280\" data-end=\"2302\"><p data-start=\"2282\" data-end=\"2302\">Bois pour le po\u00eale<\/p><\/li><\/ul><h3 data-start=\"2304\" data-end=\"2329\">Tarifs des cabanes<\/h3><ul data-start=\"2330\" data-end=\"2529\"><li data-start=\"2330\" data-end=\"2367\"><p data-start=\"2332\" data-end=\"2367\"><strong data-start=\"2332\" data-end=\"2357\">4 personnes \u2013 8\u2019 x 8\u2019<\/strong> : 120 $<\/p><\/li><li data-start=\"2368\" data-end=\"2406\"><p data-start=\"2370\" data-end=\"2406\"><strong data-start=\"2370\" data-end=\"2396\">6 personnes \u2013 8\u2019 x 10\u2019<\/strong> : 180 $<\/p><\/li><li data-start=\"2407\" data-end=\"2445\"><p data-start=\"2409\" data-end=\"2445\"><strong data-start=\"2409\" data-end=\"2435\">8 personnes \u2013 8\u2019 x 12\u2019<\/strong> : 200 $<\/p><\/li><li data-start=\"2446\" data-end=\"2485\"><p data-start=\"2448\" data-end=\"2485\"><strong data-start=\"2448\" data-end=\"2475\">10 personnes \u2013 8\u2019 x 16\u2019<\/strong> : 250 $<\/p><\/li><li data-start=\"2486\" data-end=\"2529\"><p data-start=\"2488\" data-end=\"2529\"><strong data-start=\"2488\" data-end=\"2521\">20 personnes et + \u2013 12\u2019 x 20\u2019<\/strong> : 320 $<\/p><\/li><\/ul><h3 data-start=\"2531\" data-end=\"2554\">Droit de passage<\/h3><ul data-start=\"2555\" data-end=\"2591\"><li data-start=\"2555\" data-end=\"2591\"><p data-start=\"2557\" data-end=\"2591\">10 $ par personne (16 ans et plus)<\/p><\/li><\/ul><h3 data-start=\"2593\" data-end=\"2622\">Options suppl\u00e9mentaires<\/h3><ul data-start=\"2623\" data-end=\"2735\"><li data-start=\"2623\" data-end=\"2662\"><p data-start=\"2625\" data-end=\"2662\">Trou suppl\u00e9mentaire : 2,50 $ \/ trou<\/p><\/li><li data-start=\"2663\" data-end=\"2698\"><p data-start=\"2665\" data-end=\"2698\">Brimbales (paquet de 10) : 25 $<\/p><\/li><li data-start=\"2699\" data-end=\"2735\"><p data-start=\"2701\" data-end=\"2735\">App\u00e2ts (m\u00e9n\u00e9s) : 10 $ \/ douzaine<\/p><\/li><\/ul><h2 data-start=\"2742\" data-end=\"2770\">Entreposage de cabanes<\/h2><p data-start=\"2771\" data-end=\"2915\">Nous offrons un <strong data-start=\"3892\" data-end=\"3938\">service d\u2019entreposage de cabanes \u00e0 l\u2019ann\u00e9e<\/strong> directement sur le site, incluant la possibilit\u00e9 de laisser une embarcation pour la saison de glace.<\/p><ul data-start=\"2917\" data-end=\"3046\"><li data-start=\"2917\" data-end=\"2956\"><p data-start=\"2919\" data-end=\"2956\">Cabane jusqu\u2019\u00e0 <strong data-start=\"2934\" data-end=\"2954\">8\u2019 x 12\u2019 maximum<\/strong><\/p><\/li><li data-start=\"2957\" data-end=\"2978\"><p data-start=\"2959\" data-end=\"2978\"><strong data-start=\"2959\" data-end=\"2976\">500 $ \/ ann\u00e9e<\/strong><\/p><\/li><li data-start=\"2979\" data-end=\"3046\"><p data-start=\"2981\" data-end=\"3046\">Service offert <strong data-start=\"2996\" data-end=\"3018\">\u00e0 notre discr\u00e9tion<\/strong>, m\u00eame en p\u00e9riode sans glace<\/p><\/li><\/ul>\t\t\t\t\t\t\t\t<\/div>\n\t\t\t\t<\/div>\n\t\t\t\t<div class=\"elementor-element elementor-element-f6c3bd1 elementor-widget elementor-widget-button\" data-id=\"f6c3bd1\" data-element_type=\"widget\" data-e-type=\"widget\" data-widget_type=\"button.default\">\n\t\t\t\t<div class=\"elementor-widget-container\">\n\t\t\t\t\t\t\t\t\t<div class=\"elementor-button-wrapper\">\n\t\t\t\t\t<a class=\"elementor-button elementor-button-link elementor-size-sm\" href=\"https:\/\/www.centredepechechezrobert.ca\/en\/nous-contacter\/\">\n\t\t\t\t\t\t<span class=\"elementor-button-content-wrapper\">\n\t\t\t\t\t\t\t\t\t<span class=\"elementor-button-text\">NOUS CONTACTER<\/span>\n\t\t\t\t\t<\/span>\n\t\t\t\t\t<\/a>\n\t\t\t\t<\/div>\n\t\t\t\t\t\t\t\t<\/div>\n\t\t\t\t<\/div>\n\t\t\t\t<\/div>\n\t\t<div class=\"elementor-element elementor-element-f97e6eb e-con-full e-flex e-con e-child\" data-id=\"f97e6eb\" data-element_type=\"container\" data-e-type=\"container\">\n\t\t\t\t<div class=\"elementor-element elementor-element-f7e856a elementor-widget elementor-widget-image\" data-id=\"f7e856a\" data-element_type=\"widget\" data-e-type=\"widget\" data-widget_type=\"image.default\">\n\t\t\t\t<div class=\"elementor-widget-container\">\n\t\t\t\t\t\t\t\t\t\t\t\t\t\t\t<img fetchpriority=\"high\" decoding=\"async\" width=\"1024\" height=\"768\" src=\"https:\/\/www.centredepechechezrobert.ca\/wp-content\/uploads\/2025\/12\/482235888_28737967045818713_6709247060150391337_n-1024x768.jpg\" class=\"attachment-large size-large wp-image-1129\" alt=\"\" srcset=\"https:\/\/www.centredepechechezrobert.ca\/wp-content\/uploads\/2025\/12\/482235888_28737967045818713_6709247060150391337_n-1024x768.jpg 1024w, https:\/\/www.centredepechechezrobert.ca\/wp-content\/uploads\/2025\/12\/482235888_28737967045818713_6709247060150391337_n-300x225.jpg 300w, https:\/\/www.centredepechechezrobert.ca\/wp-content\/uploads\/2025\/12\/482235888_28737967045818713_6709247060150391337_n-768x576.jpg 768w, https:\/\/www.centredepechechezrobert.ca\/wp-content\/uploads\/2025\/12\/482235888_28737967045818713_6709247060150391337_n-16x12.jpg 16w, https:\/\/www.centredepechechezrobert.ca\/wp-content\/uploads\/2025\/12\/482235888_28737967045818713_6709247060150391337_n-195x146.jpg 195w, https:\/\/www.centredepechechezrobert.ca\/wp-content\/uploads\/2025\/12\/482235888_28737967045818713_6709247060150391337_n-50x38.jpg 50w, https:\/\/www.centredepechechezrobert.ca\/wp-content\/uploads\/2025\/12\/482235888_28737967045818713_6709247060150391337_n-100x75.jpg 100w, https:\/\/www.centredepechechezrobert.ca\/wp-content\/uploads\/2025\/12\/482235888_28737967045818713_6709247060150391337_n.jpg 1164w\" sizes=\"(max-width: 1024px) 100vw, 1024px\" \/>\t\t\t\t\t\t\t\t\t\t\t\t\t\t\t<\/div>\n\t\t\t\t<\/div>\n\t\t\t\t<div class=\"elementor-element elementor-element-29bd764 elementor-widget elementor-widget-image\" data-id=\"29bd764\" data-element_type=\"widget\" data-e-type=\"widget\" data-widget_type=\"image.default\">\n\t\t\t\t<div class=\"elementor-widget-container\">\n\t\t\t\t\t\t\t\t\t\t\t\t\t\t\t<img decoding=\"async\" width=\"767\" height=\"1024\" src=\"https:\/\/www.centredepechechezrobert.ca\/wp-content\/uploads\/2025\/12\/482203536_28737967149152036_3596115423412764402_n-767x1024.jpg\" class=\"attachment-large size-large wp-image-1128\" alt=\"\" srcset=\"https:\/\/www.centredepechechezrobert.ca\/wp-content\/uploads\/2025\/12\/482203536_28737967149152036_3596115423412764402_n-767x1024.jpg 767w, https:\/\/www.centredepechechezrobert.ca\/wp-content\/uploads\/2025\/12\/482203536_28737967149152036_3596115423412764402_n-225x300.jpg 225w, https:\/\/www.centredepechechezrobert.ca\/wp-content\/uploads\/2025\/12\/482203536_28737967149152036_3596115423412764402_n-768x1025.jpg 768w, https:\/\/www.centredepechechezrobert.ca\/wp-content\/uploads\/2025\/12\/482203536_28737967149152036_3596115423412764402_n-1151x1536.jpg 1151w, https:\/\/www.centredepechechezrobert.ca\/wp-content\/uploads\/2025\/12\/482203536_28737967149152036_3596115423412764402_n-9x12.jpg 9w, https:\/\/www.centredepechechezrobert.ca\/wp-content\/uploads\/2025\/12\/482203536_28737967149152036_3596115423412764402_n-109x146.jpg 109w, https:\/\/www.centredepechechezrobert.ca\/wp-content\/uploads\/2025\/12\/482203536_28737967149152036_3596115423412764402_n-37x50.jpg 37w, https:\/\/www.centredepechechezrobert.ca\/wp-content\/uploads\/2025\/12\/482203536_28737967149152036_3596115423412764402_n-56x75.jpg 56w, https:\/\/www.centredepechechezrobert.ca\/wp-content\/uploads\/2025\/12\/482203536_28737967149152036_3596115423412764402_n.jpg 1534w\" sizes=\"(max-width: 767px) 100vw, 767px\" \/>\t\t\t\t\t\t\t\t\t\t\t\t\t\t\t<\/div>\n\t\t\t\t<\/div>\n\t\t\t\t<div class=\"elementor-element elementor-element-92217d1 elementor-widget elementor-widget-image\" data-id=\"92217d1\" data-element_type=\"widget\" data-e-type=\"widget\" data-widget_type=\"image.default\">\n\t\t\t\t<div class=\"elementor-widget-container\">\n\t\t\t\t\t\t\t\t\t\t\t\t\t\t\t<img decoding=\"async\" width=\"720\" height=\"960\" src=\"https:\/\/www.centredepechechezrobert.ca\/wp-content\/uploads\/2025\/12\/87270341_3518779968164102_1272278645762686976_n.jpg\" class=\"attachment-large size-large wp-image-1123\" alt=\"\" srcset=\"https:\/\/www.centredepechechezrobert.ca\/wp-content\/uploads\/2025\/12\/87270341_3518779968164102_1272278645762686976_n.jpg 720w, https:\/\/www.centredepechechezrobert.ca\/wp-content\/uploads\/2025\/12\/87270341_3518779968164102_1272278645762686976_n-225x300.jpg 225w, https:\/\/www.centredepechechezrobert.ca\/wp-content\/uploads\/2025\/12\/87270341_3518779968164102_1272278645762686976_n-9x12.jpg 9w, https:\/\/www.centredepechechezrobert.ca\/wp-content\/uploads\/2025\/12\/87270341_3518779968164102_1272278645762686976_n-110x146.jpg 110w, https:\/\/www.centredepechechezrobert.ca\/wp-content\/uploads\/2025\/12\/87270341_3518779968164102_1272278645762686976_n-38x50.jpg 38w, https:\/\/www.centredepechechezrobert.ca\/wp-content\/uploads\/2025\/12\/87270341_3518779968164102_1272278645762686976_n-56x75.jpg 56w\" sizes=\"(max-width: 720px) 100vw, 720px\" \/>\t\t\t\t\t\t\t\t\t\t\t\t\t\t\t<\/div>\n\t\t\t\t<\/div>\n\t\t\t\t<\/div>\n\t\t\t\t\t<\/div>\n\t\t\t\t<\/div>\n\t\t<div class=\"elementor-element elementor-element-ea29082 e-flex e-con-boxed e-con e-parent\" data-id=\"ea29082\" data-element_type=\"container\" data-e-type=\"container\">\n\t\t\t\t\t<div class=\"e-con-inner\">\n\t\t\t\t<div class=\"elementor-element elementor-element-bf956a4 elementor-widget elementor-widget-text-editor\" data-id=\"bf956a4\" data-element_type=\"widget\" data-e-type=\"widget\" data-widget_type=\"text-editor.default\">\n\t\t\t\t<div class=\"elementor-widget-container\">\n\t\t\t\t\t\t\t\t\t<h4>Contactez-nous d\u00e8s maintenant!<\/h4><h2>(450) 479-6450<\/h2>\t\t\t\t\t\t\t\t<\/div>\n\t\t\t\t<\/div>\n\t\t\t\t<div class=\"elementor-element elementor-element-a43dd9c elementor-align-center elementor-widget elementor-widget-button\" data-id=\"a43dd9c\" data-element_type=\"widget\" data-e-type=\"widget\" data-widget_type=\"button.default\">\n\t\t\t\t<div class=\"elementor-widget-container\">\n\t\t\t\t\t\t\t\t\t<div class=\"elementor-button-wrapper\">\n\t\t\t\t\t<a class=\"elementor-button elementor-button-link elementor-size-sm\" href=\"https:\/\/www.centredepechechezrobert.ca\/en\/nous-contacter\/\">\n\t\t\t\t\t\t<span class=\"elementor-button-content-wrapper\">\n\t\t\t\t\t\t\t\t\t<span class=\"elementor-button-text\">ENVOYEZ-NOUS UN MESSAGE<\/span>\n\t\t\t\t\t<\/span>\n\t\t\t\t\t<\/a>\n\t\t\t\t<\/div>\n\t\t\t\t\t\t\t\t<\/div>\n\t\t\t\t<\/div>\n\t\t\t\t\t<\/div>\n\t\t\t\t<\/div>\n\t\t\t\t<\/div>","protected":false},"excerpt":{"rendered":"<p>P\u00eache sur glace \u2013 Saison 2026 Location de cabanes de p\u00eache (7 h \u00e0 18 h) Cabane incluant : 10 lignes \/ brimbales 10 trous perc\u00e9s<span class=\"excerpt-hellip\"> [\u2026]<\/span><\/p>\n","protected":false},"author":1,"featured_media":0,"parent":0,"menu_order":0,"comment_status":"closed","ping_status":"closed","template":"","meta":{"footnotes":""},"class_list":["post-1151","page","type-page","status-publish","hentry"],"yoast_head":"<!-- This site is optimized with the Yoast SEO plugin v27.3 - https:\/\/yoast.com\/product\/yoast-seo-wordpress\/ -->\n<title>NOS SERVICES ET TARIFS - P\u00eache sur glace \u00e0 Oka et Kanesatake | Centre de p\u00eache chez Robert<\/title>\n<meta name=\"description\" content=\"Location de cabanes de p\u00eache sur glace \u00e0 Oka et Kanesatake. Tarifs clairs, cabanes chauff\u00e9es, brimbales, app\u00e2ts et options pour groupes sur le lac des Deux-Montagnes.\" \/>\n<meta name=\"robots\" content=\"index, follow, max-snippet:-1, max-image-preview:large, max-video-preview:-1\" \/>\n<link rel=\"canonical\" href=\"https:\/\/www.centredepechechezrobert.ca\/en\/nos-services-et-tarifs\/\" \/>\n<meta property=\"og:locale\" content=\"en_US\" \/>\n<meta property=\"og:type\" content=\"article\" \/>\n<meta property=\"og:title\" content=\"NOS SERVICES ET TARIFS - P\u00eache sur glace \u00e0 Oka et Kanesatake | Centre de p\u00eache chez Robert\" \/>\n<meta property=\"og:description\" content=\"Location de cabanes de p\u00eache sur glace \u00e0 Oka et Kanesatake. Tarifs clairs, cabanes chauff\u00e9es, brimbales, app\u00e2ts et options pour groupes sur le lac des Deux-Montagnes.\" \/>\n<meta property=\"og:url\" content=\"https:\/\/www.centredepechechezrobert.ca\/en\/nos-services-et-tarifs\/\" \/>\n<meta property=\"og:site_name\" content=\"P\u00eache sur glace \u00e0 Oka et Kanesatake | Centre de p\u00eache chez Robert\" \/>\n<meta property=\"article:modified_time\" content=\"2026-02-07T15:20:51+00:00\" \/>\n<meta property=\"og:image\" content=\"https:\/\/www.centredepechechezrobert.ca\/wp-content\/uploads\/2025\/12\/482235888_28737967045818713_6709247060150391337_n-1024x768.jpg\" \/>\n<meta name=\"twitter:card\" content=\"summary_large_image\" \/>\n<meta name=\"twitter:label1\" content=\"Est. reading time\" \/>\n\t<meta name=\"twitter:data1\" content=\"2 minutes\" \/>\n<script type=\"application\/ld+json\" class=\"yoast-schema-graph\">{\"@context\":\"https:\\\/\\\/schema.org\",\"@graph\":[{\"@type\":\"WebPage\",\"@id\":\"https:\\\/\\\/www.centredepechechezrobert.ca\\\/nos-services-et-tarifs\\\/\",\"url\":\"https:\\\/\\\/www.centredepechechezrobert.ca\\\/nos-services-et-tarifs\\\/\",\"name\":\"NOS SERVICES ET TARIFS - P\u00eache sur glace \u00e0 Oka et Kanesatake | Centre de p\u00eache chez Robert\",\"isPartOf\":{\"@id\":\"https:\\\/\\\/www.centredepechechezrobert.ca\\\/#website\"},\"primaryImageOfPage\":{\"@id\":\"https:\\\/\\\/www.centredepechechezrobert.ca\\\/nos-services-et-tarifs\\\/#primaryimage\"},\"image\":{\"@id\":\"https:\\\/\\\/www.centredepechechezrobert.ca\\\/nos-services-et-tarifs\\\/#primaryimage\"},\"thumbnailUrl\":\"https:\\\/\\\/www.centredepechechezrobert.ca\\\/wp-content\\\/uploads\\\/2025\\\/12\\\/482235888_28737967045818713_6709247060150391337_n-1024x768.jpg\",\"datePublished\":\"2025-12-17T19:07:34+00:00\",\"dateModified\":\"2026-02-07T15:20:51+00:00\",\"description\":\"Location de cabanes de p\u00eache sur glace \u00e0 Oka et Kanesatake. Tarifs clairs, cabanes chauff\u00e9es, brimbales, app\u00e2ts et options pour groupes sur le lac des Deux-Montagnes.\",\"breadcrumb\":{\"@id\":\"https:\\\/\\\/www.centredepechechezrobert.ca\\\/nos-services-et-tarifs\\\/#breadcrumb\"},\"inLanguage\":\"en-CA\",\"potentialAction\":[{\"@type\":\"ReadAction\",\"target\":[\"https:\\\/\\\/www.centredepechechezrobert.ca\\\/nos-services-et-tarifs\\\/\"]}]},{\"@type\":\"ImageObject\",\"inLanguage\":\"en-CA\",\"@id\":\"https:\\\/\\\/www.centredepechechezrobert.ca\\\/nos-services-et-tarifs\\\/#primaryimage\",\"url\":\"https:\\\/\\\/www.centredepechechezrobert.ca\\\/wp-content\\\/uploads\\\/2025\\\/12\\\/482235888_28737967045818713_6709247060150391337_n-1024x768.jpg\",\"contentUrl\":\"https:\\\/\\\/www.centredepechechezrobert.ca\\\/wp-content\\\/uploads\\\/2025\\\/12\\\/482235888_28737967045818713_6709247060150391337_n-1024x768.jpg\"},{\"@type\":\"BreadcrumbList\",\"@id\":\"https:\\\/\\\/www.centredepechechezrobert.ca\\\/nos-services-et-tarifs\\\/#breadcrumb\",\"itemListElement\":[{\"@type\":\"ListItem\",\"position\":1,\"name\":\"Accueil\",\"item\":\"https:\\\/\\\/www.centredepechechezrobert.ca\\\/\"},{\"@type\":\"ListItem\",\"position\":2,\"name\":\"NOS SERVICES ET TARIFS\"}]},{\"@type\":\"WebSite\",\"@id\":\"https:\\\/\\\/www.centredepechechezrobert.ca\\\/#website\",\"url\":\"https:\\\/\\\/www.centredepechechezrobert.ca\\\/\",\"name\":\"P\u00eache sur glace \u00e0 Oka et Kanesatake | Centre de p\u00eache chez Robert\",\"description\":\"\",\"potentialAction\":[{\"@type\":\"SearchAction\",\"target\":{\"@type\":\"EntryPoint\",\"urlTemplate\":\"https:\\\/\\\/www.centredepechechezrobert.ca\\\/?s={search_term_string}\"},\"query-input\":{\"@type\":\"PropertyValueSpecification\",\"valueRequired\":true,\"valueName\":\"search_term_string\"}}],\"inLanguage\":\"en-CA\"}]}<\/script>\n<!-- \/ Yoast SEO plugin. -->","yoast_head_json":{"title":"NOS SERVICES ET TARIFS - P\u00eache sur glace \u00e0 Oka et Kanesatake | Centre de p\u00eache chez Robert","description":"Location de cabanes de p\u00eache sur glace \u00e0 Oka et Kanesatake. Tarifs clairs, cabanes chauff\u00e9es, brimbales, app\u00e2ts et options pour groupes sur le lac des Deux-Montagnes.","robots":{"index":"index","follow":"follow","max-snippet":"max-snippet:-1","max-image-preview":"max-image-preview:large","max-video-preview":"max-video-preview:-1"},"canonical":"https:\/\/www.centredepechechezrobert.ca\/en\/nos-services-et-tarifs\/","og_locale":"en_US","og_type":"article","og_title":"NOS SERVICES ET TARIFS - P\u00eache sur glace \u00e0 Oka et Kanesatake | Centre de p\u00eache chez Robert","og_description":"Location de cabanes de p\u00eache sur glace \u00e0 Oka et Kanesatake. Tarifs clairs, cabanes chauff\u00e9es, brimbales, app\u00e2ts et options pour groupes sur le lac des Deux-Montagnes.","og_url":"https:\/\/www.centredepechechezrobert.ca\/en\/nos-services-et-tarifs\/","og_site_name":"P\u00eache sur glace \u00e0 Oka et Kanesatake | Centre de p\u00eache chez Robert","article_modified_time":"2026-02-07T15:20:51+00:00","og_image":[{"url":"https:\/\/www.centredepechechezrobert.ca\/wp-content\/uploads\/2025\/12\/482235888_28737967045818713_6709247060150391337_n-1024x768.jpg","type":"","width":"","height":""}],"twitter_card":"summary_large_image","twitter_misc":{"Est. reading time":"2 minutes"},"schema":{"@context":"https:\/\/schema.org","@graph":[{"@type":"WebPage","@id":"https:\/\/www.centredepechechezrobert.ca\/nos-services-et-tarifs\/","url":"https:\/\/www.centredepechechezrobert.ca\/nos-services-et-tarifs\/","name":"NOS SERVICES ET TARIFS - P\u00eache sur glace \u00e0 Oka et Kanesatake | Centre de p\u00eache chez Robert","isPartOf":{"@id":"https:\/\/www.centredepechechezrobert.ca\/#website"},"primaryImageOfPage":{"@id":"https:\/\/www.centredepechechezrobert.ca\/nos-services-et-tarifs\/#primaryimage"},"image":{"@id":"https:\/\/www.centredepechechezrobert.ca\/nos-services-et-tarifs\/#primaryimage"},"thumbnailUrl":"https:\/\/www.centredepechechezrobert.ca\/wp-content\/uploads\/2025\/12\/482235888_28737967045818713_6709247060150391337_n-1024x768.jpg","datePublished":"2025-12-17T19:07:34+00:00","dateModified":"2026-02-07T15:20:51+00:00","description":"Location de cabanes de p\u00eache sur glace \u00e0 Oka et Kanesatake. Tarifs clairs, cabanes chauff\u00e9es, brimbales, app\u00e2ts et options pour groupes sur le lac des Deux-Montagnes.","breadcrumb":{"@id":"https:\/\/www.centredepechechezrobert.ca\/nos-services-et-tarifs\/#breadcrumb"},"inLanguage":"en-CA","potentialAction":[{"@type":"ReadAction","target":["https:\/\/www.centredepechechezrobert.ca\/nos-services-et-tarifs\/"]}]},{"@type":"ImageObject","inLanguage":"en-CA","@id":"https:\/\/www.centredepechechezrobert.ca\/nos-services-et-tarifs\/#primaryimage","url":"https:\/\/www.centredepechechezrobert.ca\/wp-content\/uploads\/2025\/12\/482235888_28737967045818713_6709247060150391337_n-1024x768.jpg","contentUrl":"https:\/\/www.centredepechechezrobert.ca\/wp-content\/uploads\/2025\/12\/482235888_28737967045818713_6709247060150391337_n-1024x768.jpg"},{"@type":"BreadcrumbList","@id":"https:\/\/www.centredepechechezrobert.ca\/nos-services-et-tarifs\/#breadcrumb","itemListElement":[{"@type":"ListItem","position":1,"name":"Accueil","item":"https:\/\/www.centredepechechezrobert.ca\/"},{"@type":"ListItem","position":2,"name":"NOS SERVICES ET TARIFS"}]},{"@type":"WebSite","@id":"https:\/\/www.centredepechechezrobert.ca\/#website","url":"https:\/\/www.centredepechechezrobert.ca\/","name":"P\u00eache sur glace \u00e0 Oka et Kanesatake | Centre de p\u00eache chez Robert","description":"","potentialAction":[{"@type":"SearchAction","target":{"@type":"EntryPoint","urlTemplate":"https:\/\/www.centredepechechezrobert.ca\/?s={search_term_string}"},"query-input":{"@type":"PropertyValueSpecification","valueRequired":true,"valueName":"search_term_string"}}],"inLanguage":"en-CA"}]}},"_links":{"self":[{"href":"https:\/\/www.centredepechechezrobert.ca\/en\/wp-json\/wp\/v2\/pages\/1151","targetHints":{"allow":["GET"]}}],"collection":[{"href":"https:\/\/www.centredepechechezrobert.ca\/en\/wp-json\/wp\/v2\/pages"}],"about":[{"href":"https:\/\/www.centredepechechezrobert.ca\/en\/wp-json\/wp\/v2\/types\/page"}],"author":[{"embeddable":true,"href":"https:\/\/www.centredepechechezrobert.ca\/en\/wp-json\/wp\/v2\/users\/1"}],"replies":[{"embeddable":true,"href":"https:\/\/www.centredepechechezrobert.ca\/en\/wp-json\/wp\/v2\/comments?post=1151"}],"version-history":[{"count":5,"href":"https:\/\/www.centredepechechezrobert.ca\/en\/wp-json\/wp\/v2\/pages\/1151\/revisions"}],"predecessor-version":[{"id":1225,"href":"https:\/\/www.centredepechechezrobert.ca\/en\/wp-json\/wp\/v2\/pages\/1151\/revisions\/1225"}],"wp:attachment":[{"href":"https:\/\/www.centredepechechezrobert.ca\/en\/wp-json\/wp\/v2\/media?parent=1151"}],"curies":[{"name":"wp","href":"https:\/\/api.w.org\/{rel}","templated":true}]}}